{"id":22,"date":"2022-10-13T18:57:40","date_gmt":"2022-10-13T18:57:40","guid":{"rendered":"http:\/\/www.dariuszolszewski.pl\/?page_id=22"},"modified":"2022-10-19T18:58:46","modified_gmt":"2022-10-19T18:58:46","slug":"moje-cv","status":"publish","type":"page","link":"https:\/\/www.dariuszolszewski.pl\/index.php\/moje-cv\/","title":{"rendered":"Moje CV"},"content":{"rendered":"<div id=\"accordions-45\" class=\"accordions-45 accordions\" data-accordions={&quot;lazyLoad&quot;:true,&quot;id&quot;:&quot;45&quot;,&quot;event&quot;:&quot;click&quot;,&quot;collapsible&quot;:&quot;true&quot;,&quot;heightStyle&quot;:&quot;content&quot;,&quot;animateStyle&quot;:&quot;swing&quot;,&quot;animateDelay&quot;:1000,&quot;navigation&quot;:true,&quot;active&quot;:999,&quot;expandedOther&quot;:&quot;no&quot;}>\r\n                <div id=\"accordions-lazy-45\" class=\"accordions-lazy\" accordionsId=\"45\">\r\n                    <\/div>\r\n\r\n    <div class=\"items\"  style=\"display:none\" >\r\n    \r\n            <div post_id=\"45\" itemcount=\"0\"  header_id=\"header-1666171980426\" id=\"header-1666171980426\" style=\"\" class=\"accordions-head head1666171980426 border-none\" toggle-text=\"\" main-text=\"Przebieg edukacji \">\r\n                                    <span id=\"accordion-icons-1666171980426\" class=\"accordion-icons\">\r\n                        <span class=\"accordion-icon-active accordion-plus\"><i class=\"fas fa-chevron-up\"><\/i><\/span>\r\n                        <span class=\"accordion-icon-inactive accordion-minus\"><i class=\"fas fa-chevron-right\"><\/i><\/span>\r\n                    <\/span>\r\n                    <span id=\"header-text-1666171980426\" class=\"accordions-head-title\">Przebieg edukacji <\/span>\r\n                            <\/div>\r\n            <div class=\"accordion-content content1666171980426 \">\r\n                <p><strong><span class=\"ff1 cf3 fs36\"><span style=\"vertical-align: inherit;\"><span style=\"vertical-align: inherit;\">2007 - 2010r.\u00a0 \u00a0 \u00a0 \u00a0 \u00a0 \u00a0 \u00a0 \u00a0 \u00a0 \u00a0 \u00a0 \u00a0 \u00a0 \u00a0 \u00a0 \u00a0 \u00a0 \u00a0 \u00a0 \u00a0 \u00a0 \u00a0 \u00a0 \u00a0 \u00a0 \u00a0 \u00a0 \u00a0 \u00a0 \u00a0 \u00a0 \u00a0 \u00a0 \u00a0 \u00a0 \u00a0 \u00a0 \u00a0 \u00a0 \u00a0 \u00a0 \u00a0 \u00a0 \u00a0 \u00a0 \u00a0 \u00a0 \u00a0 \u00a0 \u00a0 \u00a0 \u00a0 \u00a0 \u00a0 \u00a0 \u00a0 \u00a0 \u00a0 \u00a0 \u00a0 \u00a0 \u00a0<\/span><\/span><\/span><\/strong><span class=\"fs32 ff1 cf3\">Liceum \u00a0Og\u00f3lnoksza\u0142c\u0105ce TPD Helen\u00f3w, ul. Hafciarska 80\/86\u00a0 \u00a0<\/span><\/p>\n<p><strong><span style=\"vertical-align: inherit;\"><span style=\"vertical-align: inherit;\">2011r.\u00a0 \u00a0 \u00a0 \u00a0 \u00a0 \u00a0 \u00a0 \u00a0 \u00a0 \u00a0 \u00a0 \u00a0 \u00a0 \u00a0 \u00a0 \u00a0 \u00a0 \u00a0 \u00a0 \u00a0 \u00a0 \u00a0 \u00a0 \u00a0 \u00a0 \u00a0 \u00a0 \u00a0 \u00a0 \u00a0 \u00a0 \u00a0 \u00a0 \u00a0 \u00a0 \u00a0 \u00a0 \u00a0 \u00a0 \u00a0 \u00a0 \u00a0 \u00a0 \u00a0 \u00a0 \u00a0 \u00a0 \u00a0 \u00a0 \u00a0 \u00a0 \u00a0 \u00a0 \u00a0 \u00a0 \u00a0 \u00a0 \u00a0 \u00a0 \u00a0<\/span><\/span><\/strong><span class=\"fs32 ff1 cf3\">Uko\u0144czony kurs komputerowy \"ECDL e-Obywatel\" organizowany przez \"PTI\"<\/span><\/p>\n<p><strong><span style=\"vertical-align: inherit;\"><span style=\"vertical-align: inherit;\">2015r.\u00a0 \u00a0 \u00a0 \u00a0 \u00a0 \u00a0 \u00a0 \u00a0 \u00a0 \u00a0 \u00a0 \u00a0 \u00a0 \u00a0 \u00a0 \u00a0 \u00a0 \u00a0 \u00a0 \u00a0 \u00a0 \u00a0 \u00a0 \u00a0 \u00a0 \u00a0 \u00a0 \u00a0 \u00a0 \u00a0 \u00a0 \u00a0 \u00a0 \u00a0 \u00a0 \u00a0 \u00a0 \u00a0 \u00a0 \u00a0 \u00a0 \u00a0 \u00a0 \u00a0 \u00a0 \u00a0 \u00a0 \u00a0 \u00a0 \u00a0 \u00a0 \u00a0 \u00a0 \u00a0 \u00a0 \u00a0 \u00a0 \u00a0 \u00a0 \u00a0 \u00a0 \u00a0 \u00a0 \u00a0 \u00a0 \u00a0 <\/span><\/span><\/strong><span class=\"fs32 ff1 cf3\">Uko\u0144czony kurs \"Grafiki Komputerowej\" w Fundacji Aktywizacji Zawodowej w Warszawie \u00a0\u00a0ul. Narbutta<br \/>\n<\/span><\/p>\n<p><strong>2024 r.<\/strong><\/p>\n<p><span class=\"fs32 ff1 cf3\">Uko\u0144czony kurs \"Python dla zielonych\" - stopie\u0144 podstawowy<\/span><\/p>\n<p>&nbsp;<\/p>\n            <\/div>\r\n    <\/div>\r\n\r\n\r\n\r\n            <\/div>\n\n\n<div id=\"accordions-49\" class=\"accordions-49 accordions\" data-accordions={&quot;lazyLoad&quot;:true,&quot;id&quot;:&quot;49&quot;,&quot;event&quot;:&quot;click&quot;,&quot;collapsible&quot;:&quot;true&quot;,&quot;heightStyle&quot;:&quot;content&quot;,&quot;animateStyle&quot;:&quot;swing&quot;,&quot;animateDelay&quot;:1000,&quot;navigation&quot;:true,&quot;active&quot;:999,&quot;expandedOther&quot;:&quot;no&quot;}>\r\n                <div id=\"accordions-lazy-49\" class=\"accordions-lazy\" accordionsId=\"49\">\r\n                    <\/div>\r\n\r\n    <div class=\"items\"  style=\"display:none\" >\r\n    \r\n            <div post_id=\"49\" itemcount=\"0\"  header_id=\"header-1666171980426\" id=\"header-1666171980426\" style=\"\" class=\"accordions-head head1666171980426 border-none\" toggle-text=\"\" main-text=\"Do\u015bwiadczenie zawodowe \">\r\n                                    <span id=\"accordion-icons-1666171980426\" class=\"accordion-icons\">\r\n                        <span class=\"accordion-icon-active accordion-plus\"><i class=\"fas fa-chevron-up\"><\/i><\/span>\r\n                        <span class=\"accordion-icon-inactive accordion-minus\"><i class=\"fas fa-chevron-right\"><\/i><\/span>\r\n                    <\/span>\r\n                    <span id=\"header-text-1666171980426\" class=\"accordions-head-title\">Do\u015bwiadczenie zawodowe <\/span>\r\n                            <\/div>\r\n            <div class=\"accordion-content content1666171980426 \">\r\n                <p><span class=\"ff1 cf3 fs32\">Zaprojektowanie stron internetowych dla 4 firm.<\/span><span class=\"ff1 cf3 fs32\"><br \/>\nZaprojektowanie wizyt\u00f3wek dla 2 firm.\u00a0 \u00a0 \u00a0 \u00a0 \u00a0 \u00a0 \u00a0 \u00a0 \u00a0 \u00a0 \u00a0 \u00a0 \u00a0 \u00a0 \u00a0 \u00a0 \u00a0 \u00a0 \u00a0 \u00a0 \u00a0 \u00a0 \u00a0 \u00a0 \u00a0 \u00a0 \u00a0 \u00a0 \u00a0 \u00a0 \u00a0 \u00a0 \u00a0 \u00a0 \u00a0 \u00a0 \u00a0 \u00a0 <\/span>Zaprojektowanie logo dla 3 firm.\u00a0 \u00a0 \u00a0 \u00a0 \u00a0 \u00a0 \u00a0 \u00a0 \u00a0 \u00a0 \u00a0 \u00a0 \u00a0 \u00a0 \u00a0 \u00a0 \u00a0 \u00a0 \u00a0 \u00a0 \u00a0 \u00a0 \u00a0 \u00a0 \u00a0 \u00a0 \u00a0 \u00a0 \u00a0 \u00a0 \u00a0 \u00a0 \u00a0 \u00a0 \u00a0 \u00a0 \u00a0 \u00a0 \u00a0 \u00a0 \u00a0 Zaprojektowanie dyplom\u00f3w dla Parafii \u00a0w Zakr\u0119cie.<span class=\"fs20 ff0 cf3\"><br \/>\n<\/span><\/p>\n            <\/div>\r\n    <\/div>\r\n\r\n\r\n\r\n            <\/div>\n\n\n<div id=\"accordions-51\" class=\"accordions-51 accordions\" data-accordions={&quot;lazyLoad&quot;:true,&quot;id&quot;:&quot;51&quot;,&quot;event&quot;:&quot;click&quot;,&quot;collapsible&quot;:&quot;true&quot;,&quot;heightStyle&quot;:&quot;content&quot;,&quot;animateStyle&quot;:&quot;swing&quot;,&quot;animateDelay&quot;:1000,&quot;navigation&quot;:true,&quot;active&quot;:999,&quot;expandedOther&quot;:&quot;no&quot;}>\r\n                <div id=\"accordions-lazy-51\" class=\"accordions-lazy\" accordionsId=\"51\">\r\n                    <\/div>\r\n\r\n    <div class=\"items\"  style=\"display:none\" >\r\n    \r\n            <div post_id=\"51\" itemcount=\"0\"  header_id=\"header-1666171980426\" id=\"header-1666171980426\" style=\"\" class=\"accordions-head head1666171980426 border-none\" toggle-text=\"\" main-text=\"J\u0119zyki\">\r\n                                    <span id=\"accordion-icons-1666171980426\" class=\"accordion-icons\">\r\n                        <span class=\"accordion-icon-active accordion-plus\"><i class=\"fas fa-chevron-up\"><\/i><\/span>\r\n                        <span class=\"accordion-icon-inactive accordion-minus\"><i class=\"fas fa-chevron-right\"><\/i><\/span>\r\n                    <\/span>\r\n                    <span id=\"header-text-1666171980426\" class=\"accordions-head-title\">J\u0119zyki<\/span>\r\n                            <\/div>\r\n            <div class=\"accordion-content content1666171980426 \">\r\n                <ul>\n<li>J. Rosyjski - st0pie\u0144 podstawowy<\/li>\n<\/ul>\n            <\/div>\r\n    <\/div>\r\n\r\n\r\n\r\n            <\/div>\n\n\n<div id=\"accordions-53\" class=\"accordions-53 accordions\" data-accordions={&quot;lazyLoad&quot;:true,&quot;id&quot;:&quot;53&quot;,&quot;event&quot;:&quot;click&quot;,&quot;collapsible&quot;:&quot;true&quot;,&quot;heightStyle&quot;:&quot;content&quot;,&quot;animateStyle&quot;:&quot;swing&quot;,&quot;animateDelay&quot;:1000,&quot;navigation&quot;:true,&quot;active&quot;:999,&quot;expandedOther&quot;:&quot;no&quot;}>\r\n                <div id=\"accordions-lazy-53\" class=\"accordions-lazy\" accordionsId=\"53\">\r\n                    <\/div>\r\n\r\n    <div class=\"items\"  style=\"display:none\" >\r\n    \r\n            <div post_id=\"53\" itemcount=\"0\"  header_id=\"header-1666171980426\" id=\"header-1666171980426\" style=\"\" class=\"accordions-head head1666171980426 border-none\" toggle-text=\"\" main-text=\"Umiej\u0119tno\u015bci \">\r\n                                    <span id=\"accordion-icons-1666171980426\" class=\"accordion-icons\">\r\n                        <span class=\"accordion-icon-active accordion-plus\"><i class=\"fas fa-chevron-up\"><\/i><\/span>\r\n                        <span class=\"accordion-icon-inactive accordion-minus\"><i class=\"fas fa-chevron-right\"><\/i><\/span>\r\n                    <\/span>\r\n                    <span id=\"header-text-1666171980426\" class=\"accordions-head-title\">Umiej\u0119tno\u015bci <\/span>\r\n                            <\/div>\r\n            <div class=\"accordion-content content1666171980426 \">\r\n                <p><span class=\"ff2 cf3 fs36\"><strong>Obs\u0142uga w stopniu podstawowym program\u00f3w Adobe:<\/strong><br \/>\n<\/span><\/p>\n<ul>\n<li><span class=\"fs32 ff2 cf3\">Corel Draw X5<br \/>\n<\/span><\/li>\n<li><span class=\"fs32 ff2 cf3\">Dreamweaver CS4<br \/>\n<\/span><\/li>\n<li><span class=\"fs32 ff2 cf3\">Photoshop CS5<br \/>\n<\/span><\/li>\n<li><span class=\"fs32 ff2 cf3\">Flash CS5<br \/>\n<\/span><\/li>\n<li><span class=\"fs32 ff2 cf3\">Ilustrator CS5<br \/>\n<\/span><\/li>\n<li><span class=\"fs32 ff2 cf3\">InDesing<\/span><\/li>\n<li><span class=\"fs32 ff2 cf3\">Znajomo\u015b\u0107 HTML<\/span><span class=\"ff3 fs32 cf3\"> i XHTML, CSS<\/span><\/li>\n<li><span class=\"ff2 fs32 cf3\">Znajomo\u015b\u0107\u00a0<\/span><span class=\"ff3 fs32 cf3\">PHP<\/span><\/li>\n<li><span class=\"ff2 fs32 cf3\">Znajomo\u015b\u0107 pakietu Microsoft Office<\/span><\/li>\n<li><span class=\"ff3 fs32 cf3\">Znajomo\u015b\u0107 MYSQL<\/span><\/li>\n<\/ul>\n<p><strong>Znajomo\u015b\u0107 program\u00f3w:<\/strong><\/p>\n<ul>\n<li><span class=\"fs32 ff2 cf3\">WebSite X5 v8 Evolution<br \/>\n<\/span><\/li>\n<li><span class=\"fs32 ff2 cf3\">WordPres<\/span><span class=\"ff3 fs32 cf3\">s<br \/>\n<\/span><\/li>\n<li><span class=\"ff3 fs32 cf3\">Get Simple. <\/span><\/li>\n<li><span class=\"ff2 cf3 fs36\">Obs\u0142uga w stopniu podstawowym program\u00f3w Adobe:<br \/>\n<\/span><\/p>\n<ul>\n<li><span class=\"fs32 ff2 cf3\">Corel Draw X5<br \/>\n<\/span><\/li>\n<li><span class=\"fs32 ff2 cf3\">Dreamweaver CS4<br \/>\n<\/span><\/li>\n<li><span class=\"fs32 ff2 cf3\">Photoshop CS5<br \/>\n<\/span><\/li>\n<li><span class=\"fs32 ff2 cf3\">Flash CS5<br \/>\n<\/span><\/li>\n<li><span class=\"fs32 ff2 cf3\">Ilustrator CS5<br \/>\n<\/span><\/li>\n<li><span class=\"fs32 ff2 cf3\">InDesing<br \/>\n<\/span><\/li>\n<\/ul>\n<p><span class=\"fs32 ff2 cf3\"><br \/>\nZnajomo\u015b\u0107 HTML<\/span><span class=\"ff3 fs32 cf3\">\u00a0i XHTML, CSS<br \/>\n<\/span><span class=\"ff2 fs32 cf3\">Znajomo\u015b\u0107\u00a0<\/span><span class=\"ff3 fs32 cf3\">PHP<\/span><span class=\"ff2 fs32 cf3\"><br \/>\nZnajomo\u015b\u0107 pakietu Microsoft Office<\/span><span class=\"ff3 fs32 cf3\"><br \/>\nZnajomo\u015b\u0107 MYSQL<\/span><\/p>\n<p><strong>Znajomo\u015b\u0107 program\u00f3w:<\/strong><\/p>\n<ul>\n<li><span class=\"fs32 ff2 cf3\">WebSite X5 v8 Evolution<br \/>\n<\/span><\/li>\n<li><span class=\"fs32 ff2 cf3\">WordPres<\/span><span class=\"ff3 fs32 cf3\">s<br \/>\n<\/span><\/li>\n<li><span class=\"ff3 fs32 cf3\">Get Simple<\/span><span class=\"ff2 cf3 fs36\">Obs\u0142uga w stopniu podstawowym program\u00f3w Adobe:<br \/>\n<\/span><\/p>\n<ul>\n<li><span class=\"fs32 ff2 cf3\">Corel Draw X5<br \/>\n<\/span><\/li>\n<li><span class=\"fs32 ff2 cf3\">Dreamweaver CS4<br \/>\n<\/span><\/li>\n<li><span class=\"fs32 ff2 cf3\">Photoshop CS5<br \/>\n<\/span><\/li>\n<li><span class=\"fs32 ff2 cf3\">Flash CS5<br \/>\n<\/span><\/li>\n<li><span class=\"fs32 ff2 cf3\">Ilustrator CS5<br \/>\n<\/span><\/li>\n<li><span class=\"fs32 ff2 cf3\">InDesing<br \/>\n<\/span><\/li>\n<\/ul>\n<p><span class=\"fs32 ff2 cf3\"><br \/>\nZnajomo\u015b\u0107 HTML<\/span><span class=\"ff3 fs32 cf3\">\u00a0i XHTML, CSS<br \/>\n<\/span><span class=\"ff2 fs32 cf3\">Znajomo\u015b\u0107\u00a0<\/span><span class=\"ff3 fs32 cf3\">PHP<\/span><span class=\"ff2 fs32 cf3\"><br \/>\nZnajomo\u015b\u0107 pakietu Microsoft Office<\/span><span class=\"ff3 fs32 cf3\"><br \/>\nZnajomo\u015b\u0107 MYSQL<\/span><\/p>\n<p><strong>Znajomo\u015b\u0107 program\u00f3w:<\/strong><\/p>\n<ul>\n<li><span class=\"fs32 ff2 cf3\">WebSite X5 v8 Evolution<br \/>\n<\/span><\/li>\n<li><span class=\"fs32 ff2 cf3\">WordPres<\/span><span class=\"ff3 fs32 cf3\">s<br \/>\n<\/span><\/li>\n<li><span class=\"ff3 fs32 cf3\">Get Simple<\/span><\/li>\n<\/ul>\n<\/li>\n<\/ul>\n<\/li>\n<\/ul>\n            <\/div>\r\n    <\/div>\r\n\r\n\r\n\r\n            <\/div>\n\n\n<div id=\"accordions-55\" class=\"accordions-55 accordions\" data-accordions={&quot;lazyLoad&quot;:true,&quot;id&quot;:&quot;55&quot;,&quot;event&quot;:&quot;click&quot;,&quot;collapsible&quot;:&quot;true&quot;,&quot;heightStyle&quot;:&quot;content&quot;,&quot;animateStyle&quot;:&quot;swing&quot;,&quot;animateDelay&quot;:1000,&quot;navigation&quot;:true,&quot;active&quot;:999,&quot;expandedOther&quot;:&quot;no&quot;}>\r\n                <div id=\"accordions-lazy-55\" class=\"accordions-lazy\" accordionsId=\"55\">\r\n                    <\/div>\r\n\r\n    <div class=\"items\"  style=\"display:none\" >\r\n    \r\n            <div post_id=\"55\" itemcount=\"0\"  header_id=\"header-1666171980426\" id=\"header-1666171980426\" style=\"\" class=\"accordions-head head1666171980426 border-none\" toggle-text=\"\" main-text=\"Zainteresowania\">\r\n                                    <span id=\"accordion-icons-1666171980426\" class=\"accordion-icons\">\r\n                        <span class=\"accordion-icon-active accordion-plus\"><i class=\"fas fa-chevron-up\"><\/i><\/span>\r\n                        <span class=\"accordion-icon-inactive accordion-minus\"><i class=\"fas fa-chevron-right\"><\/i><\/span>\r\n                    <\/span>\r\n                    <span id=\"header-text-1666171980426\" class=\"accordions-head-title\">Zainteresowania<\/span>\r\n                            <\/div>\r\n            <div class=\"accordion-content content1666171980426 \">\r\n                <ul>\n<li><span class=\"fs32 ff3 cf3\">Informaty<\/span><span class=\"ff2 fs32 cf3\">ka<\/span><span class=\"ff3 fs32 cf3\"><br \/>\n<\/span><\/li>\n<li><span class=\"ff3 fs32 cf3\">Gry komputerowe<br \/>\n<\/span><\/li>\n<li><span class=\"ff3 fs32 cf3\">Podr\u00f3\u017ce<br \/>\n<\/span><\/li>\n<li><span class=\"ff3 fs32 cf3\">Tworzenie prezentacji w Microsoft Power Point<br \/>\n<\/span><\/li>\n<li><span class=\"ff3 fs32 cf3\">Rozrywki umys\u0142owe<br \/>\n<\/span><\/li>\n<li><span class=\"ff3 fs32 cf3\">Filatelistyka<br \/>\n<\/span><\/li>\n<li><span class=\"ff3 fs32 cf3\">Tworzenie stron internetowych<br \/>\n<\/span><\/li>\n<li><span class=\"ff3 fs32 cf3\">Grafika komputerow<\/span><span class=\"ff2 fs32 cf3\">a<\/span><\/li>\n<\/ul>\n            <\/div>\r\n    <\/div>\r\n\r\n\r\n\r\n            <\/div>\n","protected":false},"excerpt":{"rendered":"","protected":false},"author":1,"featured_media":0,"parent":0,"menu_order":0,"comment_status":"closed","ping_status":"closed","template":"","meta":{"pgc_sgb_lightbox_settings":"","footnotes":""},"class_list":["post-22","page","type-page","status-publish","hentry"],"_links":{"self":[{"href":"https:\/\/www.dariuszolszewski.pl\/index.php\/wp-json\/wp\/v2\/pages\/22","targetHints":{"allow":["GET"]}}],"collection":[{"href":"https:\/\/www.dariuszolszewski.pl\/index.php\/wp-json\/wp\/v2\/pages"}],"about":[{"href":"https:\/\/www.dariuszolszewski.pl\/index.php\/wp-json\/wp\/v2\/types\/page"}],"author":[{"embeddable":true,"href":"https:\/\/www.dariuszolszewski.pl\/index.php\/wp-json\/wp\/v2\/users\/1"}],"replies":[{"embeddable":true,"href":"https:\/\/www.dariuszolszewski.pl\/index.php\/wp-json\/wp\/v2\/comments?post=22"}],"version-history":[{"count":11,"href":"https:\/\/www.dariuszolszewski.pl\/index.php\/wp-json\/wp\/v2\/pages\/22\/revisions"}],"predecessor-version":[{"id":56,"href":"https:\/\/www.dariuszolszewski.pl\/index.php\/wp-json\/wp\/v2\/pages\/22\/revisions\/56"}],"wp:attachment":[{"href":"https:\/\/www.dariuszolszewski.pl\/index.php\/wp-json\/wp\/v2\/media?parent=22"}],"curies":[{"name":"wp","href":"https:\/\/api.w.org\/{rel}","templated":true}]}}